{"id":4384,"date":"2025-04-28T00:01:55","date_gmt":"2025-04-27T22:01:55","guid":{"rendered":"https:\/\/stjac.fun\/?page_id=4384"},"modified":"2025-07-09T14:40:45","modified_gmt":"2025-07-09T12:40:45","slug":"balade-promenade-lumineuse","status":"publish","type":"page","link":"https:\/\/stjac.fun\/nl\/balade-promenade-lumineuse\/","title":{"rendered":"Balade &#8211; La promenade lumineuse"},"content":{"rendered":"<div data-elementor-type=\"wp-page\" data-elementor-id=\"4384\" class=\"elementor elementor-4384\" data-elementor-post-type=\"page\">\n\t\t\t\t<div class=\"elementor-element elementor-element-ff9fea2 elementor-hidden-desktop elementor-hidden-tablet e-flex e-con-boxed e-con e-parent\" data-id=\"ff9fea2\" data-element_type=\"container\" data-e-type=\"container\">\n\t\t\t\t\t<div class=\"e-con-inner\">\n\t\t<div class=\"elementor-element elementor-element-4c57592 e-con-full e-flex e-con e-child\" data-id=\"4c57592\" data-element_type=\"container\" data-e-type=\"container\">\n\t\t\t\t<div class=\"elementor-element elementor-element-fbc4f10 elementor-widget elementor-widget-image\" data-id=\"fbc4f10\" data-element_type=\"widget\" data-e-type=\"widget\" data-widget_type=\"image.default\">\n\t\t\t\t<div class=\"elementor-widget-container\">\n\t\t\t\t\t\t\t\t\t\t\t\t\t\t\t<img decoding=\"async\" src=\"https:\/\/stjac.fun\/wp-content\/uploads\/elementor\/thumbs\/Rond-r2u8p8cuvfw3mvs2vghswwsn7w637qxlpz5kvtbn12.png\" title=\"Rond\" alt=\"Rond\" loading=\"lazy\" \/>\t\t\t\t\t\t\t\t\t\t\t\t\t\t\t<\/div>\n\t\t\t\t<\/div>\n\t\t\t\t<div class=\"elementor-element elementor-element-558a1ce elementor-widget elementor-widget-heading\" data-id=\"558a1ce\" data-element_type=\"widget\" data-e-type=\"widget\" data-widget_type=\"heading.default\">\n\t\t\t\t<div class=\"elementor-widget-container\">\n\t\t\t\t\t<h2 class=\"elementor-heading-title elementor-size-default translation-block\">De lichtwandeling\u2028<\/h2>\t\t\t\t<\/div>\n\t\t\t\t<\/div>\n\t\t\t\t<\/div>\n\t\t\t\t\t<\/div>\n\t\t\t\t<\/div>\n\t\t<div class=\"elementor-element elementor-element-4baa040 e-con-full e-flex e-con e-parent\" data-id=\"4baa040\" data-element_type=\"container\" data-e-type=\"container\" data-settings=\"{&quot;background_background&quot;:&quot;classic&quot;}\">\n\t\t<div class=\"elementor-element elementor-element-8e43b44 e-con-full elementor-hidden-desktop elementor-hidden-tablet elementor-hidden-mobile e-flex e-con e-child\" data-id=\"8e43b44\" data-element_type=\"container\" data-e-type=\"container\">\n\t\t<div class=\"elementor-element elementor-element-cd37771 e-con-full e-flex e-con e-child\" data-id=\"cd37771\" data-element_type=\"container\" data-e-type=\"container\">\n\t\t<div class=\"elementor-element elementor-element-e6ed905 e-con-full e-flex e-con e-child\" data-id=\"e6ed905\" data-element_type=\"container\" data-e-type=\"container\">\n\t\t\t\t<div class=\"elementor-element elementor-element-fe1d0da elementor-widget elementor-widget-image\" data-id=\"fe1d0da\" data-element_type=\"widget\" data-e-type=\"widget\" data-widget_type=\"image.default\">\n\t\t\t\t<div class=\"elementor-widget-container\">\n\t\t\t\t\t\t\t\t\t\t\t\t\t\t\t<img decoding=\"async\" src=\"https:\/\/stjac.fun\/wp-content\/uploads\/elementor\/thumbs\/Rond-r2u8p8cuvfw3mvs2vghswwsn7w637qxlpz5kvtbn12.png\" title=\"Rond\" alt=\"Rond\" loading=\"lazy\" \/>\t\t\t\t\t\t\t\t\t\t\t\t\t\t\t<\/div>\n\t\t\t\t<\/div>\n\t\t\t\t<div class=\"elementor-element elementor-element-e2581bf elementor-widget elementor-widget-heading\" data-id=\"e2581bf\" data-element_type=\"widget\" data-e-type=\"widget\" data-widget_type=\"heading.default\">\n\t\t\t\t<div class=\"elementor-widget-container\">\n\t\t\t\t\t<h2 class=\"elementor-heading-title elementor-size-default\">De wijk<\/h2>\t\t\t\t<\/div>\n\t\t\t\t<\/div>\n\t\t\t\t<\/div>\n\t\t\t\t<div class=\"elementor-element elementor-element-a41c3f7 elementor-widget elementor-widget-text-editor\" data-id=\"a41c3f7\" data-element_type=\"widget\" data-e-type=\"widget\" data-widget_type=\"text-editor.default\">\n\t\t\t\t<div class=\"elementor-widget-container\">\n\t\t\t\t\t\t\t\t\t<p><b>Een geanimeerde wijk,\u00a0waar het goed toeven is.<\/b>. Un quartier dynamique avec une grande offre culturelle<b>.\u00a0<\/b><\/p><p><b>Een dorp in hartje Brussel<\/b>.\u00a0<b>Een wijk met meer dan duizend jaar geschiedenis<\/b>.\u00a0<\/p><p>Een wijk die openstaat voor diversiteit. Een levendige wijk waar het goed toeven is.\u00a0 <b>De<\/b> <b>quartier de Manneken Pis <\/b>!<\/p>\t\t\t\t\t\t\t\t<\/div>\n\t\t\t\t<\/div>\n\t\t\t\t<\/div>\n\t\t\t\t<\/div>\n\t\t<div class=\"elementor-element elementor-element-decaf65 e-con-full elementor-hidden-desktop elementor-hidden-tablet elementor-hidden-mobile e-flex e-con e-child\" data-id=\"decaf65\" data-element_type=\"container\" data-e-type=\"container\">\n\t\t\t\t<div class=\"elementor-element elementor-element-48a82bb elementor-absolute elementor-widget elementor-widget-image\" data-id=\"48a82bb\" data-element_type=\"widget\" data-e-type=\"widget\" data-settings=\"{&quot;_position&quot;:&quot;absolute&quot;}\" data-widget_type=\"image.default\">\n\t\t\t\t<div class=\"elementor-widget-container\">\n\t\t\t\t\t\t\t\t\t\t\t\t\t\t\t<img decoding=\"async\" width=\"14\" height=\"14\" src=\"https:\/\/stjac.fun\/wp-content\/uploads\/2024\/12\/Ellipse-5.png\" class=\"attachment-large size-large wp-image-65\" alt=\"\" srcset=\"https:\/\/stjac.fun\/wp-content\/uploads\/2024\/12\/Ellipse-5.png 14w, https:\/\/stjac.fun\/wp-content\/uploads\/2024\/12\/elementor\/thumbs\/Ellipse-5.png 20w, https:\/\/stjac.fun\/wp-content\/uploads\/2024\/12\/elementor\/thumbs\/Ellipse-5.png 25w\" sizes=\"(max-width: 14px) 100vw, 14px\" \/>\t\t\t\t\t\t\t\t\t\t\t\t\t\t\t<\/div>\n\t\t\t\t<\/div>\n\t\t\t\t<div class=\"elementor-element elementor-element-a707686 elementor-widget elementor-widget-image\" data-id=\"a707686\" data-element_type=\"widget\" data-e-type=\"widget\" data-widget_type=\"image.default\">\n\t\t\t\t<div class=\"elementor-widget-container\">\n\t\t\t\t\t\t\t\t\t\t\t\t\t\t\t<img fetchpriority=\"high\" decoding=\"async\" width=\"800\" height=\"642\" src=\"https:\/\/stjac.fun\/wp-content\/uploads\/2025\/03\/Photos-Quartier-1024x822.png\" class=\"attachment-large size-large wp-image-2551\" alt=\"\" srcset=\"https:\/\/stjac.fun\/wp-content\/uploads\/2025\/03\/Photos-Quartier-1024x822.png 1024w, https:\/\/stjac.fun\/wp-content\/uploads\/2025\/03\/Photos-Quartier-300x241.png 300w, https:\/\/stjac.fun\/wp-content\/uploads\/2025\/03\/Photos-Quartier-768x616.png 768w, https:\/\/stjac.fun\/wp-content\/uploads\/2025\/03\/Photos-Quartier-1536x1233.png 1536w, https:\/\/stjac.fun\/wp-content\/uploads\/2025\/03\/Photos-Quartier-2048x1643.png 2048w\" sizes=\"(max-width: 800px) 100vw, 800px\" \/>\t\t\t\t\t\t\t\t\t\t\t\t\t\t\t<\/div>\n\t\t\t\t<\/div>\n\t\t\t\t<\/div>\n\t\t<div class=\"elementor-element elementor-element-407a8ed e-flex e-con-boxed e-con e-child\" data-id=\"407a8ed\" data-element_type=\"container\" data-e-type=\"container\">\n\t\t\t\t\t<div class=\"e-con-inner\">\n\t\t<div class=\"elementor-element elementor-element-fc3cdbf e-con-full e-flex e-con e-child\" data-id=\"fc3cdbf\" data-element_type=\"container\" data-e-type=\"container\">\n\t\t<div class=\"elementor-element elementor-element-29a9f99 e-con-full elementor-hidden-mobile e-flex e-con e-child\" data-id=\"29a9f99\" data-element_type=\"container\" data-e-type=\"container\">\n\t\t\t\t<div class=\"elementor-element elementor-element-306188b elementor-widget elementor-widget-heading\" data-id=\"306188b\" data-element_type=\"widget\" data-e-type=\"widget\" data-widget_type=\"heading.default\">\n\t\t\t\t<div class=\"elementor-widget-container\">\n\t\t\t\t\t<h2 class=\"elementor-heading-title elementor-size-default translation-block\">De lichtwandeling\u2028<\/h2>\t\t\t\t<\/div>\n\t\t\t\t<\/div>\n\t\t\t\t<\/div>\n\t\t\t\t<div class=\"elementor-element elementor-element-dd4b172 elementor-widget elementor-widget-text-editor\" data-id=\"dd4b172\" data-element_type=\"widget\" data-e-type=\"widget\" data-widget_type=\"text-editor.default\">\n\t\t\t\t<div class=\"elementor-widget-container\">\n\t\t\t\t\t\t\t\t\t<p>Bij het vallen van de avond kijkt u dwars door de muren!\u00a0 Een lichtparcours van de hand van Isabelle Corten, Belgische lichtontwerpster, agentschap Radiance 35, in samenwerking met het Italiaanse kunstenaarscollectief, Zimmerfrei, Brussel, dat in 2013 de speciale prijs van de ACE-jury won.&nbsp;<\/p>\n<p>Een twintigtal projecties verspreid over de wijk laten een aantal interieurs zien.&nbsp;<a href=\"https:\/\/www.lightzoomlumiere.fr\/realisation\/travers-les-murs-la-lumiere-quartier-saint-jacques-bruxelles-belgique\/\" target=\"_blank\" rel=\"noopener\">Raadpleeg de website<\/a>&nbsp;van de artieste voor meer informatie en foto's van de creaties in de Sint-Jacobswijk.<\/p>\t\t\t\t\t\t\t\t<\/div>\n\t\t\t\t<\/div>\n\t\t\t\t<\/div>\n\t\t<div class=\"elementor-element elementor-element-0808694 e-con-full elementor-hidden-tablet elementor-hidden-mobile e-flex e-con e-child\" data-id=\"0808694\" data-element_type=\"container\" data-e-type=\"container\">\n\t\t\t\t<\/div>\n\t\t<div class=\"elementor-element elementor-element-9da18e8 e-con-full e-flex e-con e-child\" data-id=\"9da18e8\" data-element_type=\"container\" data-e-type=\"container\">\n\t\t\t\t<div class=\"elementor-element elementor-element-fdde7e3 elementor-widget elementor-widget-image\" data-id=\"fdde7e3\" data-element_type=\"widget\" data-e-type=\"widget\" data-widget_type=\"image.default\">\n\t\t\t\t<div class=\"elementor-widget-container\">\n\t\t\t\t\t\t\t\t\t\t\t\t\t\t\t<img decoding=\"async\" width=\"1664\" height=\"1112\" src=\"https:\/\/stjac.fun\/wp-content\/uploads\/2025\/04\/Capture-decran-2025-04-06-a-18.44.53.png\" class=\"attachment-full size-full wp-image-3504\" alt=\"\" srcset=\"https:\/\/stjac.fun\/wp-content\/uploads\/2025\/04\/Capture-decran-2025-04-06-a-18.44.53.png 1664w, https:\/\/stjac.fun\/wp-content\/uploads\/2025\/04\/Capture-decran-2025-04-06-a-18.44.53-300x200.png 300w, https:\/\/stjac.fun\/wp-content\/uploads\/2025\/04\/Capture-decran-2025-04-06-a-18.44.53-1024x684.png 1024w, https:\/\/stjac.fun\/wp-content\/uploads\/2025\/04\/Capture-decran-2025-04-06-a-18.44.53-768x513.png 768w, https:\/\/stjac.fun\/wp-content\/uploads\/2025\/04\/Capture-decran-2025-04-06-a-18.44.53-1536x1026.png 1536w\" sizes=\"(max-width: 1664px) 100vw, 1664px\" \/>\t\t\t\t\t\t\t\t\t\t\t\t\t\t\t<\/div>\n\t\t\t\t<\/div>\n\t\t\t\t<div class=\"elementor-element elementor-element-2743d6f elementor-absolute elementor-widget elementor-widget-image\" data-id=\"2743d6f\" data-element_type=\"widget\" data-e-type=\"widget\" data-settings=\"{&quot;_position&quot;:&quot;absolute&quot;}\" data-widget_type=\"image.default\">\n\t\t\t\t<div class=\"elementor-widget-container\">\n\t\t\t\t\t\t\t\t\t\t\t\t\t\t\t<img decoding=\"async\" src=\"https:\/\/stjac.fun\/wp-content\/uploads\/elementor\/thumbs\/Rond2-r2u8pa8j93yoa3pckhb21wbkenwtn552e8gjud8uom.png\" title=\"Rond2\" alt=\"Rond2\" loading=\"lazy\" \/>\t\t\t\t\t\t\t\t\t\t\t\t\t\t\t<\/div>\n\t\t\t\t<\/div>\n\t\t\t\t<div class=\"elementor-element elementor-element-d34ad15 elementor-absolute elementor-widget elementor-widget-image\" data-id=\"d34ad15\" data-element_type=\"widget\" data-e-type=\"widget\" data-settings=\"{&quot;_position&quot;:&quot;absolute&quot;}\" data-widget_type=\"image.default\">\n\t\t\t\t<div class=\"elementor-widget-container\">\n\t\t\t\t\t\t\t\t\t\t\t\t\t\t\t<img decoding=\"async\" src=\"https:\/\/stjac.fun\/wp-content\/uploads\/elementor\/thumbs\/Rond-r2u8p8cuxmtx7s6rlejd0pqk9rdo5c3e0kdu6vui14.png\" title=\"Rond\" alt=\"Rond\" loading=\"lazy\" \/>\t\t\t\t\t\t\t\t\t\t\t\t\t\t\t<\/div>\n\t\t\t\t<\/div>\n\t\t\t\t<div class=\"elementor-element elementor-element-089b30a elementor-absolute elementor-widget elementor-widget-image\" data-id=\"089b30a\" data-element_type=\"widget\" data-e-type=\"widget\" data-settings=\"{&quot;_position&quot;:&quot;absolute&quot;}\" data-widget_type=\"image.default\">\n\t\t\t\t<div class=\"elementor-widget-container\">\n\t\t\t\t\t\t\t\t\t\t\t\t\t\t\t<img decoding=\"async\" src=\"https:\/\/stjac.fun\/wp-content\/uploads\/elementor\/thumbs\/Rond-r2u8p8cuvfw3mvs2vghswwsn7w637qxlpz5kvtbn12.png\" title=\"Rond\" alt=\"Rond\" loading=\"lazy\" \/>\t\t\t\t\t\t\t\t\t\t\t\t\t\t\t<\/div>\n\t\t\t\t<\/div>\n\t\t\t\t<div class=\"elementor-element elementor-element-3463d0e elementor-absolute elementor-widget elementor-widget-image\" data-id=\"3463d0e\" data-element_type=\"widget\" data-e-type=\"widget\" data-settings=\"{&quot;_position&quot;:&quot;absolute&quot;}\" data-widget_type=\"image.default\">\n\t\t\t\t<div class=\"elementor-widget-container\">\n\t\t\t\t\t\t\t\t\t\t\t\t\t\t\t<img decoding=\"async\" src=\"https:\/\/stjac.fun\/wp-content\/uploads\/elementor\/thumbs\/Rond4-r2u8pdzw0g3tkjjvyixkbvdes7eahxjzqr2hrh39zq.png\" title=\"Rond4\" alt=\"Rond4\" loading=\"lazy\" \/>\t\t\t\t\t\t\t\t\t\t\t\t\t\t\t<\/div>\n\t\t\t\t<\/div>\n\t\t\t\t<\/div>\n\t\t\t\t\t<\/div>\n\t\t\t\t<\/div>\n\t\t\t\t<\/div>\n\t\t<div class=\"elementor-element elementor-element-5765da5 e-flex e-con-boxed e-con e-parent\" data-id=\"5765da5\" data-element_type=\"container\" data-e-type=\"container\">\n\t\t\t\t\t<div class=\"e-con-inner\">\n\t\t\t\t<div class=\"elementor-element elementor-element-5c08eda elementor-widget elementor-widget-spacer\" data-id=\"5c08eda\" data-element_type=\"widget\" data-e-type=\"widget\" data-widget_type=\"spacer.default\">\n\t\t\t\t<div class=\"elementor-widget-container\">\n\t\t\t\t\t\t\t<div class=\"elementor-spacer\">\n\t\t\t<div class=\"elementor-spacer-inner\"><\/div>\n\t\t<\/div>\n\t\t\t\t\t\t<\/div>\n\t\t\t\t<\/div>\n\t\t\t\t\t<\/div>\n\t\t\t\t<\/div>\n\t\t\t\t<\/div>","protected":false},"excerpt":{"rendered":"<p>La promenade lumineuse Le quartier Un quartier vivant m\u00ealant habitants, commer\u00e7ants, artisans, artistes, cr\u00e9ateurs et visiteurs. Un quartier dynamique avec une grande offre culturelle.\u00a0 Un village au c\u0153ur de Bruxelles.\u00a0Un quartier qui a plus de mille ans d\u2019histoire.\u00a0 Un quartier ouvert \u00e0 la diversit\u00e9. Un quartier anim\u00e9 o\u00f9 il fait bon vivre.\u00a0 Le quartier de [&hellip;]<\/p>","protected":false},"author":1,"featured_media":0,"parent":0,"menu_order":0,"comment_status":"closed","ping_status":"closed","template":"elementor_header_footer","meta":{"_acf_changed":false,"footnotes":""},"class_list":["post-4384","page","type-page","status-publish","hentry"],"acf":[],"_links":{"self":[{"href":"https:\/\/stjac.fun\/nl\/wp-json\/wp\/v2\/pages\/4384","targetHints":{"allow":["GET"]}}],"collection":[{"href":"https:\/\/stjac.fun\/nl\/wp-json\/wp\/v2\/pages"}],"about":[{"href":"https:\/\/stjac.fun\/nl\/wp-json\/wp\/v2\/types\/page"}],"author":[{"embeddable":true,"href":"https:\/\/stjac.fun\/nl\/wp-json\/wp\/v2\/users\/1"}],"replies":[{"embeddable":true,"href":"https:\/\/stjac.fun\/nl\/wp-json\/wp\/v2\/comments?post=4384"}],"version-history":[{"count":13,"href":"https:\/\/stjac.fun\/nl\/wp-json\/wp\/v2\/pages\/4384\/revisions"}],"predecessor-version":[{"id":4844,"href":"https:\/\/stjac.fun\/nl\/wp-json\/wp\/v2\/pages\/4384\/revisions\/4844"}],"wp:attachment":[{"href":"https:\/\/stjac.fun\/nl\/wp-json\/wp\/v2\/media?parent=4384"}],"curies":[{"name":"wp","href":"https:\/\/api.w.org\/{rel}","templated":true}]}}