{"id":4386,"date":"2025-04-28T00:02:41","date_gmt":"2025-04-27T22:02:41","guid":{"rendered":"https:\/\/stjac.fun\/?page_id=4386"},"modified":"2025-07-09T14:45:41","modified_gmt":"2025-07-09T12:45:41","slug":"balade-promenade-grand-jacques","status":"publish","type":"page","link":"https:\/\/stjac.fun\/nl\/balade-promenade-grand-jacques\/","title":{"rendered":"Balade &#8211; Promenade avec le Grand Jacques"},"content":{"rendered":"<div data-elementor-type=\"wp-page\" data-elementor-id=\"4386\" class=\"elementor elementor-4386\" data-elementor-post-type=\"page\">\n\t\t\t\t<div class=\"elementor-element elementor-element-ff9fea2 elementor-hidden-desktop elementor-hidden-tablet e-flex e-con-boxed e-con e-parent\" data-id=\"ff9fea2\" data-element_type=\"container\" data-e-type=\"container\">\n\t\t\t\t\t<div class=\"e-con-inner\">\n\t\t<div class=\"elementor-element elementor-element-4c57592 e-con-full e-flex e-con e-child\" data-id=\"4c57592\" data-element_type=\"container\" data-e-type=\"container\">\n\t\t\t\t<div class=\"elementor-element elementor-element-fbc4f10 elementor-widget elementor-widget-image\" data-id=\"fbc4f10\" data-element_type=\"widget\" data-e-type=\"widget\" data-widget_type=\"image.default\">\n\t\t\t\t<div class=\"elementor-widget-container\">\n\t\t\t\t\t\t\t\t\t\t\t\t\t\t\t<img decoding=\"async\" src=\"https:\/\/stjac.fun\/wp-content\/uploads\/elementor\/thumbs\/Rond-r2u8p8cuvfw3mvs2vghswwsn7w637qxlpz5kvtbn12.png\" title=\"Rond\" alt=\"Rond\" loading=\"lazy\" \/>\t\t\t\t\t\t\t\t\t\t\t\t\t\t\t<\/div>\n\t\t\t\t<\/div>\n\t\t\t\t<div class=\"elementor-element elementor-element-558a1ce elementor-widget elementor-widget-heading\" data-id=\"558a1ce\" data-element_type=\"widget\" data-e-type=\"widget\" data-widget_type=\"heading.default\">\n\t\t\t\t<div class=\"elementor-widget-container\">\n\t\t\t\t\t<h2 class=\"elementor-heading-title elementor-size-default translation-block\">De wandeling met <br \/>le 'Grand Jacques'<\/h2>\t\t\t\t<\/div>\n\t\t\t\t<\/div>\n\t\t\t\t<\/div>\n\t\t\t\t\t<\/div>\n\t\t\t\t<\/div>\n\t\t<div class=\"elementor-element elementor-element-4baa040 e-con-full e-flex e-con e-parent\" data-id=\"4baa040\" data-element_type=\"container\" data-e-type=\"container\" data-settings=\"{&quot;background_background&quot;:&quot;classic&quot;}\">\n\t\t<div class=\"elementor-element elementor-element-8e43b44 e-con-full elementor-hidden-desktop elementor-hidden-tablet elementor-hidden-mobile e-flex e-con e-child\" data-id=\"8e43b44\" data-element_type=\"container\" data-e-type=\"container\">\n\t\t<div class=\"elementor-element elementor-element-cd37771 e-con-full e-flex e-con e-child\" data-id=\"cd37771\" data-element_type=\"container\" data-e-type=\"container\">\n\t\t<div class=\"elementor-element elementor-element-e6ed905 e-con-full e-flex e-con e-child\" data-id=\"e6ed905\" data-element_type=\"container\" data-e-type=\"container\">\n\t\t\t\t<div class=\"elementor-element elementor-element-fe1d0da elementor-widget elementor-widget-image\" data-id=\"fe1d0da\" data-element_type=\"widget\" data-e-type=\"widget\" data-widget_type=\"image.default\">\n\t\t\t\t<div class=\"elementor-widget-container\">\n\t\t\t\t\t\t\t\t\t\t\t\t\t\t\t<img decoding=\"async\" src=\"https:\/\/stjac.fun\/wp-content\/uploads\/elementor\/thumbs\/Rond-r2u8p8cuvfw3mvs2vghswwsn7w637qxlpz5kvtbn12.png\" title=\"Rond\" alt=\"Rond\" loading=\"lazy\" \/>\t\t\t\t\t\t\t\t\t\t\t\t\t\t\t<\/div>\n\t\t\t\t<\/div>\n\t\t\t\t<div class=\"elementor-element elementor-element-e2581bf elementor-widget elementor-widget-heading\" data-id=\"e2581bf\" data-element_type=\"widget\" data-e-type=\"widget\" data-widget_type=\"heading.default\">\n\t\t\t\t<div class=\"elementor-widget-container\">\n\t\t\t\t\t<h2 class=\"elementor-heading-title elementor-size-default\">De wijk<\/h2>\t\t\t\t<\/div>\n\t\t\t\t<\/div>\n\t\t\t\t<\/div>\n\t\t\t\t<div class=\"elementor-element elementor-element-a41c3f7 elementor-widget elementor-widget-text-editor\" data-id=\"a41c3f7\" data-element_type=\"widget\" data-e-type=\"widget\" data-widget_type=\"text-editor.default\">\n\t\t\t\t<div class=\"elementor-widget-container\">\n\t\t\t\t\t\t\t\t\t<p><b>Een geanimeerde wijk,\u00a0waar het goed toeven is.<\/b>. Un quartier dynamique avec une grande offre culturelle<b>.\u00a0<\/b><\/p><p><b>Een dorp in hartje Brussel<\/b>.\u00a0<b>Een wijk met meer dan duizend jaar geschiedenis<\/b>.\u00a0<\/p><p>Een wijk die openstaat voor diversiteit. Een levendige wijk waar het goed toeven is.\u00a0 <b>De<\/b> <b>quartier de Manneken Pis <\/b>!<\/p>\t\t\t\t\t\t\t\t<\/div>\n\t\t\t\t<\/div>\n\t\t\t\t<\/div>\n\t\t\t\t<\/div>\n\t\t<div class=\"elementor-element elementor-element-decaf65 e-con-full elementor-hidden-desktop elementor-hidden-tablet elementor-hidden-mobile e-flex e-con e-child\" data-id=\"decaf65\" data-element_type=\"container\" data-e-type=\"container\">\n\t\t\t\t<div class=\"elementor-element elementor-element-48a82bb elementor-absolute elementor-widget elementor-widget-image\" data-id=\"48a82bb\" data-element_type=\"widget\" data-e-type=\"widget\" data-settings=\"{&quot;_position&quot;:&quot;absolute&quot;}\" data-widget_type=\"image.default\">\n\t\t\t\t<div class=\"elementor-widget-container\">\n\t\t\t\t\t\t\t\t\t\t\t\t\t\t\t<img decoding=\"async\" width=\"14\" height=\"14\" src=\"https:\/\/stjac.fun\/wp-content\/uploads\/2024\/12\/Ellipse-5.png\" class=\"attachment-large size-large wp-image-65\" alt=\"\" srcset=\"https:\/\/stjac.fun\/wp-content\/uploads\/2024\/12\/Ellipse-5.png 14w, https:\/\/stjac.fun\/wp-content\/uploads\/2024\/12\/elementor\/thumbs\/Ellipse-5.png 20w, https:\/\/stjac.fun\/wp-content\/uploads\/2024\/12\/elementor\/thumbs\/Ellipse-5.png 25w\" sizes=\"(max-width: 14px) 100vw, 14px\" \/>\t\t\t\t\t\t\t\t\t\t\t\t\t\t\t<\/div>\n\t\t\t\t<\/div>\n\t\t\t\t<div class=\"elementor-element elementor-element-a707686 elementor-widget elementor-widget-image\" data-id=\"a707686\" data-element_type=\"widget\" data-e-type=\"widget\" data-widget_type=\"image.default\">\n\t\t\t\t<div class=\"elementor-widget-container\">\n\t\t\t\t\t\t\t\t\t\t\t\t\t\t\t<img fetchpriority=\"high\" decoding=\"async\" width=\"800\" height=\"642\" src=\"https:\/\/stjac.fun\/wp-content\/uploads\/2025\/03\/Photos-Quartier-1024x822.png\" class=\"attachment-large size-large wp-image-2551\" alt=\"\" srcset=\"https:\/\/stjac.fun\/wp-content\/uploads\/2025\/03\/Photos-Quartier-1024x822.png 1024w, https:\/\/stjac.fun\/wp-content\/uploads\/2025\/03\/Photos-Quartier-300x241.png 300w, https:\/\/stjac.fun\/wp-content\/uploads\/2025\/03\/Photos-Quartier-768x616.png 768w, https:\/\/stjac.fun\/wp-content\/uploads\/2025\/03\/Photos-Quartier-1536x1233.png 1536w, https:\/\/stjac.fun\/wp-content\/uploads\/2025\/03\/Photos-Quartier-2048x1643.png 2048w\" sizes=\"(max-width: 800px) 100vw, 800px\" \/>\t\t\t\t\t\t\t\t\t\t\t\t\t\t\t<\/div>\n\t\t\t\t<\/div>\n\t\t\t\t<\/div>\n\t\t<div class=\"elementor-element elementor-element-407a8ed e-flex e-con-boxed e-con e-child\" data-id=\"407a8ed\" data-element_type=\"container\" data-e-type=\"container\">\n\t\t\t\t\t<div class=\"e-con-inner\">\n\t\t<div class=\"elementor-element elementor-element-fc3cdbf e-con-full e-flex e-con e-child\" data-id=\"fc3cdbf\" data-element_type=\"container\" data-e-type=\"container\">\n\t\t<div class=\"elementor-element elementor-element-29a9f99 e-con-full elementor-hidden-mobile e-flex e-con e-child\" data-id=\"29a9f99\" data-element_type=\"container\" data-e-type=\"container\">\n\t\t\t\t<div class=\"elementor-element elementor-element-306188b elementor-widget elementor-widget-heading\" data-id=\"306188b\" data-element_type=\"widget\" data-e-type=\"widget\" data-widget_type=\"heading.default\">\n\t\t\t\t<div class=\"elementor-widget-container\">\n\t\t\t\t\t<h2 class=\"elementor-heading-title elementor-size-default translation-block\">De wandeling met <br \/>le 'Grand Jacques'<\/h2>\t\t\t\t<\/div>\n\t\t\t\t<\/div>\n\t\t\t\t<\/div>\n\t\t\t\t<div class=\"elementor-element elementor-element-dd4b172 elementor-widget elementor-widget-text-editor\" data-id=\"dd4b172\" data-element_type=\"widget\" data-e-type=\"widget\" data-widget_type=\"text-editor.default\">\n\t\t\t\t<div class=\"elementor-widget-container\">\n\t\t\t\t\t\t\t\t\t<p>Het\u00a0<a href=\"http:\/\/fondationbrel.be\/\" target=\"_blank\" rel=\"noopener\">Fondation Brel<\/a>\u00a0gelegen op het Oud Korenhuisplein, stelt een wandeling voor door het Brussel van Jacques Brel, die voor een deel door de Sint-Jacobswijk loopt.<\/p><p>Met de liederen van de Grote Jacques op de achtergrond ontdekt u het Brussel waar Jacques Brel zo van hield. Er worden verschillende routes aangeboden.<\/p><p>U krijgt een koptelefoon en kunt in uw eigen tempo wandelen. Meer info bij de Fondation Brel.<\/p>\t\t\t\t\t\t\t\t<\/div>\n\t\t\t\t<\/div>\n\t\t\t\t<\/div>\n\t\t<div class=\"elementor-element elementor-element-0808694 e-con-full elementor-hidden-tablet elementor-hidden-mobile e-flex e-con e-child\" data-id=\"0808694\" data-element_type=\"container\" data-e-type=\"container\">\n\t\t\t\t<\/div>\n\t\t<div class=\"elementor-element elementor-element-9da18e8 e-con-full e-flex e-con e-child\" data-id=\"9da18e8\" data-element_type=\"container\" data-e-type=\"container\">\n\t\t\t\t<div class=\"elementor-element elementor-element-fdde7e3 elementor-widget elementor-widget-image\" data-id=\"fdde7e3\" data-element_type=\"widget\" data-e-type=\"widget\" data-widget_type=\"image.default\">\n\t\t\t\t<div class=\"elementor-widget-container\">\n\t\t\t\t\t\t\t\t\t\t\t\t\t\t\t<img decoding=\"async\" width=\"1582\" height=\"1056\" src=\"https:\/\/stjac.fun\/wp-content\/uploads\/2025\/04\/Capture-decran-2025-04-06-a-18.42.36.png\" class=\"attachment-full size-full wp-image-3502\" alt=\"\" srcset=\"https:\/\/stjac.fun\/wp-content\/uploads\/2025\/04\/Capture-decran-2025-04-06-a-18.42.36.png 1582w, https:\/\/stjac.fun\/wp-content\/uploads\/2025\/04\/Capture-decran-2025-04-06-a-18.42.36-300x200.png 300w, https:\/\/stjac.fun\/wp-content\/uploads\/2025\/04\/Capture-decran-2025-04-06-a-18.42.36-1024x684.png 1024w, https:\/\/stjac.fun\/wp-content\/uploads\/2025\/04\/Capture-decran-2025-04-06-a-18.42.36-768x513.png 768w, https:\/\/stjac.fun\/wp-content\/uploads\/2025\/04\/Capture-decran-2025-04-06-a-18.42.36-1536x1025.png 1536w\" sizes=\"(max-width: 1582px) 100vw, 1582px\" \/>\t\t\t\t\t\t\t\t\t\t\t\t\t\t\t<\/div>\n\t\t\t\t<\/div>\n\t\t\t\t<div class=\"elementor-element elementor-element-2743d6f elementor-absolute elementor-widget elementor-widget-image\" data-id=\"2743d6f\" data-element_type=\"widget\" data-e-type=\"widget\" data-settings=\"{&quot;_position&quot;:&quot;absolute&quot;}\" data-widget_type=\"image.default\">\n\t\t\t\t<div class=\"elementor-widget-container\">\n\t\t\t\t\t\t\t\t\t\t\t\t\t\t\t<img decoding=\"async\" src=\"https:\/\/stjac.fun\/wp-content\/uploads\/elementor\/thumbs\/Rond2-r2u8pa8j93yoa3pckhb21wbkenwtn552e8gjud8uom.png\" title=\"Rond2\" alt=\"Rond2\" loading=\"lazy\" \/>\t\t\t\t\t\t\t\t\t\t\t\t\t\t\t<\/div>\n\t\t\t\t<\/div>\n\t\t\t\t<div class=\"elementor-element elementor-element-d34ad15 elementor-absolute elementor-widget elementor-widget-image\" data-id=\"d34ad15\" data-element_type=\"widget\" data-e-type=\"widget\" data-settings=\"{&quot;_position&quot;:&quot;absolute&quot;}\" data-widget_type=\"image.default\">\n\t\t\t\t<div class=\"elementor-widget-container\">\n\t\t\t\t\t\t\t\t\t\t\t\t\t\t\t<img decoding=\"async\" src=\"https:\/\/stjac.fun\/wp-content\/uploads\/elementor\/thumbs\/Rond-r2u8p8cuxmtx7s6rlejd0pqk9rdo5c3e0kdu6vui14.png\" title=\"Rond\" alt=\"Rond\" loading=\"lazy\" \/>\t\t\t\t\t\t\t\t\t\t\t\t\t\t\t<\/div>\n\t\t\t\t<\/div>\n\t\t\t\t<div class=\"elementor-element elementor-element-089b30a elementor-absolute elementor-widget elementor-widget-image\" data-id=\"089b30a\" data-element_type=\"widget\" data-e-type=\"widget\" data-settings=\"{&quot;_position&quot;:&quot;absolute&quot;}\" data-widget_type=\"image.default\">\n\t\t\t\t<div class=\"elementor-widget-container\">\n\t\t\t\t\t\t\t\t\t\t\t\t\t\t\t<img decoding=\"async\" src=\"https:\/\/stjac.fun\/wp-content\/uploads\/elementor\/thumbs\/Rond-r2u8p8cuvfw3mvs2vghswwsn7w637qxlpz5kvtbn12.png\" title=\"Rond\" alt=\"Rond\" loading=\"lazy\" \/>\t\t\t\t\t\t\t\t\t\t\t\t\t\t\t<\/div>\n\t\t\t\t<\/div>\n\t\t\t\t<div class=\"elementor-element elementor-element-3463d0e elementor-absolute elementor-widget elementor-widget-image\" data-id=\"3463d0e\" data-element_type=\"widget\" data-e-type=\"widget\" data-settings=\"{&quot;_position&quot;:&quot;absolute&quot;}\" data-widget_type=\"image.default\">\n\t\t\t\t<div class=\"elementor-widget-container\">\n\t\t\t\t\t\t\t\t\t\t\t\t\t\t\t<img decoding=\"async\" src=\"https:\/\/stjac.fun\/wp-content\/uploads\/elementor\/thumbs\/Rond4-r2u8pdzw0g3tkjjvyixkbvdes7eahxjzqr2hrh39zq.png\" title=\"Rond4\" alt=\"Rond4\" loading=\"lazy\" \/>\t\t\t\t\t\t\t\t\t\t\t\t\t\t\t<\/div>\n\t\t\t\t<\/div>\n\t\t\t\t<\/div>\n\t\t\t\t\t<\/div>\n\t\t\t\t<\/div>\n\t\t\t\t<\/div>\n\t\t<div class=\"elementor-element elementor-element-5765da5 e-flex e-con-boxed e-con e-parent\" data-id=\"5765da5\" data-element_type=\"container\" data-e-type=\"container\">\n\t\t\t\t\t<div class=\"e-con-inner\">\n\t\t\t\t<div class=\"elementor-element elementor-element-5c08eda elementor-widget elementor-widget-spacer\" data-id=\"5c08eda\" data-element_type=\"widget\" data-e-type=\"widget\" data-widget_type=\"spacer.default\">\n\t\t\t\t<div class=\"elementor-widget-container\">\n\t\t\t\t\t\t\t<div class=\"elementor-spacer\">\n\t\t\t<div class=\"elementor-spacer-inner\"><\/div>\n\t\t<\/div>\n\t\t\t\t\t\t<\/div>\n\t\t\t\t<\/div>\n\t\t\t\t\t<\/div>\n\t\t\t\t<\/div>\n\t\t\t\t<\/div>","protected":false},"excerpt":{"rendered":"<p>Promenade avec le Grand Jacques Le quartier Un quartier vivant m\u00ealant habitants, commer\u00e7ants, artisans, artistes, cr\u00e9ateurs et visiteurs. Un quartier dynamique avec une grande offre culturelle.\u00a0 Un village au c\u0153ur de Bruxelles.\u00a0Un quartier qui a plus de mille ans d\u2019histoire.\u00a0 Un quartier ouvert \u00e0 la diversit\u00e9. Un quartier anim\u00e9 o\u00f9 il fait bon vivre.\u00a0 Le [&hellip;]<\/p>","protected":false},"author":1,"featured_media":0,"parent":0,"menu_order":0,"comment_status":"closed","ping_status":"closed","template":"elementor_header_footer","meta":{"_acf_changed":false,"footnotes":""},"class_list":["post-4386","page","type-page","status-publish","hentry"],"acf":[],"_links":{"self":[{"href":"https:\/\/stjac.fun\/nl\/wp-json\/wp\/v2\/pages\/4386","targetHints":{"allow":["GET"]}}],"collection":[{"href":"https:\/\/stjac.fun\/nl\/wp-json\/wp\/v2\/pages"}],"about":[{"href":"https:\/\/stjac.fun\/nl\/wp-json\/wp\/v2\/types\/page"}],"author":[{"embeddable":true,"href":"https:\/\/stjac.fun\/nl\/wp-json\/wp\/v2\/users\/1"}],"replies":[{"embeddable":true,"href":"https:\/\/stjac.fun\/nl\/wp-json\/wp\/v2\/comments?post=4386"}],"version-history":[{"count":16,"href":"https:\/\/stjac.fun\/nl\/wp-json\/wp\/v2\/pages\/4386\/revisions"}],"predecessor-version":[{"id":4850,"href":"https:\/\/stjac.fun\/nl\/wp-json\/wp\/v2\/pages\/4386\/revisions\/4850"}],"wp:attachment":[{"href":"https:\/\/stjac.fun\/nl\/wp-json\/wp\/v2\/media?parent=4386"}],"curies":[{"name":"wp","href":"https:\/\/api.w.org\/{rel}","templated":true}]}}