{"id":5026,"date":"2025-07-16T11:18:18","date_gmt":"2025-07-16T09:18:18","guid":{"rendered":"https:\/\/stjac.fun\/?page_id=5026"},"modified":"2025-07-16T11:38:09","modified_gmt":"2025-07-16T09:38:09","slug":"les-jacqueries","status":"publish","type":"page","link":"https:\/\/stjac.fun\/nl\/les-jacqueries\/","title":{"rendered":"De Jacqueries"},"content":{"rendered":"<div data-elementor-type=\"wp-page\" data-elementor-id=\"5026\" class=\"elementor elementor-5026\" data-elementor-post-type=\"page\">\n\t\t\t\t<div class=\"elementor-element elementor-element-ff9fea2 elementor-hidden-desktop elementor-hidden-tablet e-flex e-con-boxed e-con e-parent\" data-id=\"ff9fea2\" data-element_type=\"container\" data-e-type=\"container\">\n\t\t\t\t\t<div class=\"e-con-inner\">\n\t\t<div class=\"elementor-element elementor-element-4c57592 e-con-full e-flex e-con e-child\" data-id=\"4c57592\" data-element_type=\"container\" data-e-type=\"container\">\n\t\t\t\t<div class=\"elementor-element elementor-element-fbc4f10 elementor-widget elementor-widget-image\" data-id=\"fbc4f10\" data-element_type=\"widget\" data-e-type=\"widget\" data-widget_type=\"image.default\">\n\t\t\t\t<div class=\"elementor-widget-container\">\n\t\t\t\t\t\t\t\t\t\t\t\t\t\t\t<img decoding=\"async\" src=\"https:\/\/stjac.fun\/wp-content\/uploads\/elementor\/thumbs\/Rond-r2u8p8cuvfw3mvs2vghswwsn7w637qxlpz5kvtbn12.png\" title=\"Rond\" alt=\"Rond\" loading=\"lazy\" \/>\t\t\t\t\t\t\t\t\t\t\t\t\t\t\t<\/div>\n\t\t\t\t<\/div>\n\t\t\t\t<div class=\"elementor-element elementor-element-558a1ce elementor-widget elementor-widget-heading\" data-id=\"558a1ce\" data-element_type=\"widget\" data-e-type=\"widget\" data-widget_type=\"heading.default\">\n\t\t\t\t<div class=\"elementor-widget-container\">\n\t\t\t\t\t<h2 class=\"elementor-heading-title elementor-size-default\">Bienvenue sur la page des Jacqueries !\u200b<\/h2>\t\t\t\t<\/div>\n\t\t\t\t<\/div>\n\t\t\t\t<\/div>\n\t\t\t\t\t<\/div>\n\t\t\t\t<\/div>\n\t\t<div class=\"elementor-element elementor-element-4baa040 e-con-full e-flex e-con e-parent\" data-id=\"4baa040\" data-element_type=\"container\" data-e-type=\"container\" data-settings=\"{&quot;background_background&quot;:&quot;classic&quot;}\">\n\t\t<div class=\"elementor-element elementor-element-8e43b44 e-con-full elementor-hidden-desktop elementor-hidden-tablet elementor-hidden-mobile e-flex e-con e-child\" data-id=\"8e43b44\" data-element_type=\"container\" data-e-type=\"container\">\n\t\t<div class=\"elementor-element elementor-element-cd37771 e-con-full e-flex e-con e-child\" data-id=\"cd37771\" data-element_type=\"container\" data-e-type=\"container\">\n\t\t<div class=\"elementor-element elementor-element-e6ed905 e-con-full e-flex e-con e-child\" data-id=\"e6ed905\" data-element_type=\"container\" data-e-type=\"container\">\n\t\t\t\t<div class=\"elementor-element elementor-element-fe1d0da elementor-widget elementor-widget-image\" data-id=\"fe1d0da\" data-element_type=\"widget\" data-e-type=\"widget\" data-widget_type=\"image.default\">\n\t\t\t\t<div class=\"elementor-widget-container\">\n\t\t\t\t\t\t\t\t\t\t\t\t\t\t\t<img decoding=\"async\" src=\"https:\/\/stjac.fun\/wp-content\/uploads\/elementor\/thumbs\/Rond-r2u8p8cuvfw3mvs2vghswwsn7w637qxlpz5kvtbn12.png\" title=\"Rond\" alt=\"Rond\" loading=\"lazy\" \/>\t\t\t\t\t\t\t\t\t\t\t\t\t\t\t<\/div>\n\t\t\t\t<\/div>\n\t\t\t\t<div class=\"elementor-element elementor-element-e2581bf elementor-widget elementor-widget-heading\" data-id=\"e2581bf\" data-element_type=\"widget\" data-e-type=\"widget\" data-widget_type=\"heading.default\">\n\t\t\t\t<div class=\"elementor-widget-container\">\n\t\t\t\t\t<h2 class=\"elementor-heading-title elementor-size-default\">De wijk<\/h2>\t\t\t\t<\/div>\n\t\t\t\t<\/div>\n\t\t\t\t<\/div>\n\t\t\t\t<div class=\"elementor-element elementor-element-a41c3f7 elementor-widget elementor-widget-text-editor\" data-id=\"a41c3f7\" data-element_type=\"widget\" data-e-type=\"widget\" data-widget_type=\"text-editor.default\">\n\t\t\t\t<div class=\"elementor-widget-container\">\n\t\t\t\t\t\t\t\t\t<p><b>Een geanimeerde wijk,\u00a0waar het goed toeven is.<\/b>. Un quartier dynamique avec une grande offre culturelle<b>.\u00a0<\/b><\/p><p><b>Een dorp in hartje Brussel<\/b>.\u00a0<b>Een wijk met meer dan duizend jaar geschiedenis<\/b>.\u00a0<\/p><p>Een wijk die openstaat voor diversiteit. Een levendige wijk waar het goed toeven is.\u00a0 <b>De<\/b> <b>quartier de Manneken Pis <\/b>!<\/p>\t\t\t\t\t\t\t\t<\/div>\n\t\t\t\t<\/div>\n\t\t\t\t<\/div>\n\t\t\t\t<\/div>\n\t\t<div class=\"elementor-element elementor-element-decaf65 e-con-full elementor-hidden-desktop elementor-hidden-tablet elementor-hidden-mobile e-flex e-con e-child\" data-id=\"decaf65\" data-element_type=\"container\" data-e-type=\"container\">\n\t\t\t\t<div class=\"elementor-element elementor-element-48a82bb elementor-absolute elementor-widget elementor-widget-image\" data-id=\"48a82bb\" data-element_type=\"widget\" data-e-type=\"widget\" data-settings=\"{&quot;_position&quot;:&quot;absolute&quot;}\" data-widget_type=\"image.default\">\n\t\t\t\t<div class=\"elementor-widget-container\">\n\t\t\t\t\t\t\t\t\t\t\t\t\t\t\t<img decoding=\"async\" width=\"14\" height=\"14\" src=\"https:\/\/stjac.fun\/wp-content\/uploads\/2024\/12\/Ellipse-5.png\" class=\"attachment-large size-large wp-image-65\" alt=\"\" srcset=\"https:\/\/stjac.fun\/wp-content\/uploads\/2024\/12\/Ellipse-5.png 14w, https:\/\/stjac.fun\/wp-content\/uploads\/2024\/12\/elementor\/thumbs\/Ellipse-5.png 20w, https:\/\/stjac.fun\/wp-content\/uploads\/2024\/12\/elementor\/thumbs\/Ellipse-5.png 25w\" sizes=\"(max-width: 14px) 100vw, 14px\" \/>\t\t\t\t\t\t\t\t\t\t\t\t\t\t\t<\/div>\n\t\t\t\t<\/div>\n\t\t\t\t<div class=\"elementor-element elementor-element-a707686 elementor-widget elementor-widget-image\" data-id=\"a707686\" data-element_type=\"widget\" data-e-type=\"widget\" data-widget_type=\"image.default\">\n\t\t\t\t<div class=\"elementor-widget-container\">\n\t\t\t\t\t\t\t\t\t\t\t\t\t\t\t<img fetchpriority=\"high\" decoding=\"async\" width=\"800\" height=\"642\" src=\"https:\/\/stjac.fun\/wp-content\/uploads\/2025\/03\/Photos-Quartier-1024x822.png\" class=\"attachment-large size-large wp-image-2551\" alt=\"\" srcset=\"https:\/\/stjac.fun\/wp-content\/uploads\/2025\/03\/Photos-Quartier-1024x822.png 1024w, https:\/\/stjac.fun\/wp-content\/uploads\/2025\/03\/Photos-Quartier-300x241.png 300w, https:\/\/stjac.fun\/wp-content\/uploads\/2025\/03\/Photos-Quartier-768x616.png 768w, https:\/\/stjac.fun\/wp-content\/uploads\/2025\/03\/Photos-Quartier-1536x1233.png 1536w, https:\/\/stjac.fun\/wp-content\/uploads\/2025\/03\/Photos-Quartier-2048x1643.png 2048w\" sizes=\"(max-width: 800px) 100vw, 800px\" \/>\t\t\t\t\t\t\t\t\t\t\t\t\t\t\t<\/div>\n\t\t\t\t<\/div>\n\t\t\t\t<\/div>\n\t\t<div class=\"elementor-element elementor-element-407a8ed e-flex e-con-boxed e-con e-child\" data-id=\"407a8ed\" data-element_type=\"container\" data-e-type=\"container\">\n\t\t\t\t\t<div class=\"e-con-inner\">\n\t\t<div class=\"elementor-element elementor-element-fc3cdbf e-con-full e-flex e-con e-child\" data-id=\"fc3cdbf\" data-element_type=\"container\" data-e-type=\"container\">\n\t\t<div class=\"elementor-element elementor-element-29a9f99 e-con-full elementor-hidden-mobile e-flex e-con e-child\" data-id=\"29a9f99\" data-element_type=\"container\" data-e-type=\"container\">\n\t\t\t\t<div class=\"elementor-element elementor-element-306188b elementor-widget elementor-widget-heading\" data-id=\"306188b\" data-element_type=\"widget\" data-e-type=\"widget\" data-widget_type=\"heading.default\">\n\t\t\t\t<div class=\"elementor-widget-container\">\n\t\t\t\t\t<h2 class=\"elementor-heading-title elementor-size-default\">Welkom op de pagina van de Jacqueries!<\/h2>\t\t\t\t<\/div>\n\t\t\t\t<\/div>\n\t\t\t\t<\/div>\n\t\t\t\t<div class=\"elementor-element elementor-element-dd4b172 elementor-widget elementor-widget-text-editor\" data-id=\"dd4b172\" data-element_type=\"widget\" data-e-type=\"widget\" data-widget_type=\"text-editor.default\">\n\t\t\t\t<div class=\"elementor-widget-container\">\n\t\t\t\t\t\t\t\t\t<p>De straten zullen bruisen van concerten en straatartiesten (jongleurs, goochelaars, muzikanten, fanfares, schminkers, komieken, concerten). Er zal een grote braderie zijn. Je kan tentoonstellingen bezoeken. En nog zo veel meer!<\/p>\t\t\t\t\t\t\t\t<\/div>\n\t\t\t\t<\/div>\n\t\t\t\t<\/div>\n\t\t<div class=\"elementor-element elementor-element-0808694 e-con-full elementor-hidden-tablet elementor-hidden-mobile e-flex e-con e-child\" data-id=\"0808694\" data-element_type=\"container\" data-e-type=\"container\">\n\t\t\t\t<\/div>\n\t\t<div class=\"elementor-element elementor-element-9da18e8 e-con-full e-flex e-con e-child\" data-id=\"9da18e8\" data-element_type=\"container\" data-e-type=\"container\">\n\t\t\t\t<div class=\"elementor-element elementor-element-19b211d elementor-widget elementor-widget-video\" data-id=\"19b211d\" data-element_type=\"widget\" data-e-type=\"widget\" data-settings=\"{&quot;video_type&quot;:&quot;hosted&quot;,&quot;controls&quot;:&quot;yes&quot;}\" data-widget_type=\"video.default\">\n\t\t\t\t<div class=\"elementor-widget-container\">\n\t\t\t\t\t\t\t<div class=\"e-hosted-video elementor-wrapper elementor-open-inline\">\n\t\t\t\t\t<video class=\"elementor-video\" src=\"https:\/\/stjac.fun\/wp-content\/uploads\/2025\/07\/Les-Jacqueries-14-et-15-sept-2024.mp4\" controls=\"\" preload=\"metadata\" controlslist=\"nodownload\"><\/video>\n\t\t\t\t<\/div>\n\t\t\t\t\t\t<\/div>\n\t\t\t\t<\/div>\n\t\t\t\t<div class=\"elementor-element elementor-element-2743d6f elementor-absolute elementor-widget elementor-widget-image\" data-id=\"2743d6f\" data-element_type=\"widget\" data-e-type=\"widget\" data-settings=\"{&quot;_position&quot;:&quot;absolute&quot;}\" data-widget_type=\"image.default\">\n\t\t\t\t<div class=\"elementor-widget-container\">\n\t\t\t\t\t\t\t\t\t\t\t\t\t\t\t<img decoding=\"async\" src=\"https:\/\/stjac.fun\/wp-content\/uploads\/elementor\/thumbs\/Rond2-r2u8pa8j93yoa3pckhb21wbkenwtn552e8gjud8uom.png\" title=\"Rond2\" alt=\"Rond2\" loading=\"lazy\" \/>\t\t\t\t\t\t\t\t\t\t\t\t\t\t\t<\/div>\n\t\t\t\t<\/div>\n\t\t\t\t<div class=\"elementor-element elementor-element-d34ad15 elementor-absolute elementor-widget elementor-widget-image\" data-id=\"d34ad15\" data-element_type=\"widget\" data-e-type=\"widget\" data-settings=\"{&quot;_position&quot;:&quot;absolute&quot;}\" data-widget_type=\"image.default\">\n\t\t\t\t<div class=\"elementor-widget-container\">\n\t\t\t\t\t\t\t\t\t\t\t\t\t\t\t<img decoding=\"async\" src=\"https:\/\/stjac.fun\/wp-content\/uploads\/elementor\/thumbs\/Rond-r2u8p8cuxmtx7s6rlejd0pqk9rdo5c3e0kdu6vui14.png\" title=\"Rond\" alt=\"Rond\" loading=\"lazy\" \/>\t\t\t\t\t\t\t\t\t\t\t\t\t\t\t<\/div>\n\t\t\t\t<\/div>\n\t\t\t\t<div class=\"elementor-element elementor-element-089b30a elementor-absolute elementor-widget elementor-widget-image\" data-id=\"089b30a\" data-element_type=\"widget\" data-e-type=\"widget\" data-settings=\"{&quot;_position&quot;:&quot;absolute&quot;}\" data-widget_type=\"image.default\">\n\t\t\t\t<div class=\"elementor-widget-container\">\n\t\t\t\t\t\t\t\t\t\t\t\t\t\t\t<img decoding=\"async\" src=\"https:\/\/stjac.fun\/wp-content\/uploads\/elementor\/thumbs\/Rond3-r2u8pc47ms18xbmm9i4b6vuhlfnk2jcj2hrisx62c6.png\" title=\"Rond3\" alt=\"Rond3\" loading=\"lazy\" \/>\t\t\t\t\t\t\t\t\t\t\t\t\t\t\t<\/div>\n\t\t\t\t<\/div>\n\t\t\t\t<div class=\"elementor-element elementor-element-3463d0e elementor-absolute elementor-widget elementor-widget-image\" data-id=\"3463d0e\" data-element_type=\"widget\" data-e-type=\"widget\" data-settings=\"{&quot;_position&quot;:&quot;absolute&quot;}\" data-widget_type=\"image.default\">\n\t\t\t\t<div class=\"elementor-widget-container\">\n\t\t\t\t\t\t\t\t\t\t\t\t\t\t\t<img decoding=\"async\" src=\"https:\/\/stjac.fun\/wp-content\/uploads\/elementor\/thumbs\/Rond4-r2u8pdzw0g3tkjjvyixkbvdes7eahxjzqr2hrh39zq.png\" title=\"Rond4\" alt=\"Rond4\" loading=\"lazy\" \/>\t\t\t\t\t\t\t\t\t\t\t\t\t\t\t<\/div>\n\t\t\t\t<\/div>\n\t\t\t\t<\/div>\n\t\t\t\t\t<\/div>\n\t\t\t\t<\/div>\n\t\t\t\t<\/div>\n\t\t<div class=\"elementor-element elementor-element-5765da5 e-flex e-con-boxed e-con e-parent\" data-id=\"5765da5\" data-element_type=\"container\" data-e-type=\"container\">\n\t\t\t\t\t<div class=\"e-con-inner\">\n\t\t\t\t<div class=\"elementor-element elementor-element-7b951b5 elementor-hidden-desktop elementor-hidden-tablet elementor-widget elementor-widget-spacer\" data-id=\"7b951b5\" data-element_type=\"widget\" data-e-type=\"widget\" data-widget_type=\"spacer.default\">\n\t\t\t\t<div class=\"elementor-widget-container\">\n\t\t\t\t\t\t\t<div class=\"elementor-spacer\">\n\t\t\t<div class=\"elementor-spacer-inner\"><\/div>\n\t\t<\/div>\n\t\t\t\t\t\t<\/div>\n\t\t\t\t<\/div>\n\t\t\t\t<div class=\"elementor-element elementor-element-6bef78e gallery-spacing-custom elementor-widget elementor-widget-image-gallery\" data-id=\"6bef78e\" data-element_type=\"widget\" data-e-type=\"widget\" data-widget_type=\"image-gallery.default\">\n\t\t\t\t<div class=\"elementor-widget-container\">\n\t\t\t\t\t\t\t<div class=\"elementor-image-gallery\">\n\t\t\t<div id='gallery-1' class='gallery galleryid-5026 gallery-columns-5 gallery-size-thumbnail'><figure class='gallery-item'>\n\t\t\t<div class='gallery-icon landscape'>\n\t\t\t\t<a data-elementor-open-lightbox=\"yes\" data-elementor-lightbox-slideshow=\"6bef78e\" data-e-action-hash=\"#elementor-action%3Aaction%3Dlightbox%26settings%3DeyJpZCI6NTAzOCwidXJsIjoiaHR0cHM6XC9cL3N0amFjLmZ1blwvd3AtY29udGVudFwvdXBsb2Fkc1wvMjAyNVwvMDdcL0dhdXRoaWVyLTMtNDgweDMyMC0xLmpwZyIsInNsaWRlc2hvdyI6IjZiZWY3OGUifQ%3D%3D\" href='https:\/\/stjac.fun\/wp-content\/uploads\/2025\/07\/Gauthier-3-480x320-1.jpg'><img decoding=\"async\" width=\"150\" height=\"150\" src=\"https:\/\/stjac.fun\/wp-content\/uploads\/2025\/07\/Gauthier-3-480x320-1-150x150.jpg\" class=\"attachment-thumbnail size-thumbnail\" alt=\"\" \/><\/a>\n\t\t\t<\/div><\/figure><figure class='gallery-item'>\n\t\t\t<div class='gallery-icon landscape'>\n\t\t\t\t<a data-elementor-open-lightbox=\"yes\" data-elementor-lightbox-slideshow=\"6bef78e\" data-e-action-hash=\"#elementor-action%3Aaction%3Dlightbox%26settings%3DeyJpZCI6NTA0MCwidXJsIjoiaHR0cHM6XC9cL3N0amFjLmZ1blwvd3AtY29udGVudFwvdXBsb2Fkc1wvMjAyNVwvMDdcL09jdG9wdXMtMy00ODB4MzYwLTEuanBnIiwic2xpZGVzaG93IjoiNmJlZjc4ZSJ9\" href='https:\/\/stjac.fun\/wp-content\/uploads\/2025\/07\/Octopus-3-480x360-1.jpg'><img loading=\"lazy\" decoding=\"async\" width=\"150\" height=\"150\" src=\"https:\/\/stjac.fun\/wp-content\/uploads\/2025\/07\/Octopus-3-480x360-1-150x150.jpg\" class=\"attachment-thumbnail size-thumbnail\" alt=\"\" \/><\/a>\n\t\t\t<\/div><\/figure><figure class='gallery-item'>\n\t\t\t<div class='gallery-icon portrait'>\n\t\t\t\t<a data-elementor-open-lightbox=\"yes\" data-elementor-lightbox-slideshow=\"6bef78e\" data-e-action-hash=\"#elementor-action%3Aaction%3Dlightbox%26settings%3DeyJpZCI6NTAzMywidXJsIjoiaHR0cHM6XC9cL3N0amFjLmZ1blwvd3AtY29udGVudFwvdXBsb2Fkc1wvMjAyNVwvMDdcL0FudG9pbmUtMi0xLTQ4MHg3NzctMS5qcGciLCJzbGlkZXNob3ciOiI2YmVmNzhlIn0%3D\" href='https:\/\/stjac.fun\/wp-content\/uploads\/2025\/07\/Antoine-2-1-480x777-1.jpg'><img loading=\"lazy\" decoding=\"async\" width=\"150\" height=\"150\" src=\"https:\/\/stjac.fun\/wp-content\/uploads\/2025\/07\/Antoine-2-1-480x777-1-150x150.jpg\" class=\"attachment-thumbnail size-thumbnail\" alt=\"\" \/><\/a>\n\t\t\t<\/div><\/figure><figure class='gallery-item'>\n\t\t\t<div class='gallery-icon portrait'>\n\t\t\t\t<a data-elementor-open-lightbox=\"yes\" data-elementor-lightbox-slideshow=\"6bef78e\" data-e-action-hash=\"#elementor-action%3Aaction%3Dlightbox%26settings%3DeyJpZCI6NTA0MSwidXJsIjoiaHR0cHM6XC9cL3N0amFjLmZ1blwvd3AtY29udGVudFwvdXBsb2Fkc1wvMjAyNVwvMDdcL1B5cm9uaXgtNS00ODB4NzA4LTEuanBnIiwic2xpZGVzaG93IjoiNmJlZjc4ZSJ9\" href='https:\/\/stjac.fun\/wp-content\/uploads\/2025\/07\/Pyronix-5-480x708-1.jpg'><img loading=\"lazy\" decoding=\"async\" width=\"150\" height=\"150\" src=\"https:\/\/stjac.fun\/wp-content\/uploads\/2025\/07\/Pyronix-5-480x708-1-150x150.jpg\" class=\"attachment-thumbnail size-thumbnail\" alt=\"\" \/><\/a>\n\t\t\t<\/div><\/figure><figure class='gallery-item'>\n\t\t\t<div class='gallery-icon landscape'>\n\t\t\t\t<a data-elementor-open-lightbox=\"yes\" data-elementor-lightbox-slideshow=\"6bef78e\" data-e-action-hash=\"#elementor-action%3Aaction%3Dlightbox%26settings%3DeyJpZCI6NTAzNCwidXJsIjoiaHR0cHM6XC9cL3N0amFjLmZ1blwvd3AtY29udGVudFwvdXBsb2Fkc1wvMjAyNVwvMDdcL2NoYXJyb24tMy5qcGciLCJzbGlkZXNob3ciOiI2YmVmNzhlIn0%3D\" href='https:\/\/stjac.fun\/wp-content\/uploads\/2025\/07\/charron-3.jpg'><img loading=\"lazy\" decoding=\"async\" width=\"150\" height=\"150\" src=\"https:\/\/stjac.fun\/wp-content\/uploads\/2025\/07\/charron-3-150x150.jpg\" class=\"attachment-thumbnail size-thumbnail\" alt=\"\" \/><\/a>\n\t\t\t<\/div><\/figure><figure class='gallery-item'>\n\t\t\t<div class='gallery-icon landscape'>\n\t\t\t\t<a data-elementor-open-lightbox=\"yes\" data-elementor-lightbox-slideshow=\"6bef78e\" data-e-action-hash=\"#elementor-action%3Aaction%3Dlightbox%26settings%3DeyJpZCI6NTAzNiwidXJsIjoiaHR0cHM6XC9cL3N0amFjLmZ1blwvd3AtY29udGVudFwvdXBsb2Fkc1wvMjAyNVwvMDdcL0ZyZWQtQmF1ZG91aW4tMy00ODB4MzYwLTEuanBnIiwic2xpZGVzaG93IjoiNmJlZjc4ZSJ9\" href='https:\/\/stjac.fun\/wp-content\/uploads\/2025\/07\/Fred-Baudouin-3-480x360-1.jpg'><img loading=\"lazy\" decoding=\"async\" width=\"150\" height=\"150\" src=\"https:\/\/stjac.fun\/wp-content\/uploads\/2025\/07\/Fred-Baudouin-3-480x360-1-150x150.jpg\" class=\"attachment-thumbnail size-thumbnail\" alt=\"\" \/><\/a>\n\t\t\t<\/div><\/figure><figure class='gallery-item'>\n\t\t\t<div class='gallery-icon portrait'>\n\t\t\t\t<a data-elementor-open-lightbox=\"yes\" data-elementor-lightbox-slideshow=\"6bef78e\" data-e-action-hash=\"#elementor-action%3Aaction%3Dlightbox%26settings%3DeyJpZCI6NTAzNywidXJsIjoiaHR0cHM6XC9cL3N0amFjLmZ1blwvd3AtY29udGVudFwvdXBsb2Fkc1wvMjAyNVwvMDdcL2ZyZWQtQmF1ZG91aW4tNDgweDcyMC0xLmpwZyIsInNsaWRlc2hvdyI6IjZiZWY3OGUifQ%3D%3D\" href='https:\/\/stjac.fun\/wp-content\/uploads\/2025\/07\/fred-Baudouin-480x720-1.jpg'><img loading=\"lazy\" decoding=\"async\" width=\"150\" height=\"150\" src=\"https:\/\/stjac.fun\/wp-content\/uploads\/2025\/07\/fred-Baudouin-480x720-1-150x150.jpg\" class=\"attachment-thumbnail size-thumbnail\" alt=\"\" \/><\/a>\n\t\t\t<\/div><\/figure><figure class='gallery-item'>\n\t\t\t<div class='gallery-icon landscape'>\n\t\t\t\t<a data-elementor-open-lightbox=\"yes\" data-elementor-lightbox-slideshow=\"6bef78e\" data-e-action-hash=\"#elementor-action%3Aaction%3Dlightbox%26settings%3DeyJpZCI6NTA0MywidXJsIjoiaHR0cHM6XC9cL3N0amFjLmZ1blwvd3AtY29udGVudFwvdXBsb2Fkc1wvMjAyNVwvMDdcL1B5cm9uaXgtNDgweDMyMC0xLmpwZyIsInNsaWRlc2hvdyI6IjZiZWY3OGUifQ%3D%3D\" href='https:\/\/stjac.fun\/wp-content\/uploads\/2025\/07\/Pyronix-480x320-1.jpg'><img loading=\"lazy\" decoding=\"async\" width=\"150\" height=\"150\" src=\"https:\/\/stjac.fun\/wp-content\/uploads\/2025\/07\/Pyronix-480x320-1-150x150.jpg\" class=\"attachment-thumbnail size-thumbnail\" alt=\"\" \/><\/a>\n\t\t\t<\/div><\/figure><figure class='gallery-item'>\n\t\t\t<div class='gallery-icon portrait'>\n\t\t\t\t<a data-elementor-open-lightbox=\"yes\" data-elementor-lightbox-slideshow=\"6bef78e\" data-e-action-hash=\"#elementor-action%3Aaction%3Dlightbox%26settings%3DeyJpZCI6NTAzOSwidXJsIjoiaHR0cHM6XC9cL3N0amFjLmZ1blwvd3AtY29udGVudFwvdXBsb2Fkc1wvMjAyNVwvMDdcL01fQmllcmxhaXJlLTctNDgweDcyMC0xLmpwZyIsInNsaWRlc2hvdyI6IjZiZWY3OGUifQ%3D%3D\" href='https:\/\/stjac.fun\/wp-content\/uploads\/2025\/07\/M_Bierlaire-7-480x720-1.jpg'><img loading=\"lazy\" decoding=\"async\" width=\"150\" height=\"150\" src=\"https:\/\/stjac.fun\/wp-content\/uploads\/2025\/07\/M_Bierlaire-7-480x720-1-150x150.jpg\" class=\"attachment-thumbnail size-thumbnail\" alt=\"\" \/><\/a>\n\t\t\t<\/div><\/figure><figure class='gallery-item'>\n\t\t\t<div class='gallery-icon portrait'>\n\t\t\t\t<a data-elementor-open-lightbox=\"yes\" data-elementor-lightbox-slideshow=\"6bef78e\" data-e-action-hash=\"#elementor-action%3Aaction%3Dlightbox%26settings%3DeyJpZCI6NTA0NCwidXJsIjoiaHR0cHM6XC9cL3N0amFjLmZ1blwvd3AtY29udGVudFwvdXBsb2Fkc1wvMjAyNVwvMDdcL1ZpbmNlbnQtUGFxdW90LTQ4MHg1NzYtMS5qcGciLCJzbGlkZXNob3ciOiI2YmVmNzhlIn0%3D\" href='https:\/\/stjac.fun\/wp-content\/uploads\/2025\/07\/Vincent-Paquot-480x576-1.jpg'><img loading=\"lazy\" decoding=\"async\" width=\"150\" height=\"150\" src=\"https:\/\/stjac.fun\/wp-content\/uploads\/2025\/07\/Vincent-Paquot-480x576-1-150x150.jpg\" class=\"attachment-thumbnail size-thumbnail\" alt=\"\" \/><\/a>\n\t\t\t<\/div><\/figure><figure class='gallery-item'>\n\t\t\t<div class='gallery-icon landscape'>\n\t\t\t\t<a data-elementor-open-lightbox=\"yes\" data-elementor-lightbox-slideshow=\"6bef78e\" data-e-action-hash=\"#elementor-action%3Aaction%3Dlightbox%26settings%3DeyJpZCI6NTAzMiwidXJsIjoiaHR0cHM6XC9cL3N0amFjLmZ1blwvd3AtY29udGVudFwvdXBsb2Fkc1wvMjAyNVwvMDdcL2FnZW50LTc1XzUtMS00ODB4MzYwLTEuanBnIiwic2xpZGVzaG93IjoiNmJlZjc4ZSJ9\" href='https:\/\/stjac.fun\/wp-content\/uploads\/2025\/07\/agent-75_5-1-480x360-1.jpg'><img loading=\"lazy\" decoding=\"async\" width=\"150\" height=\"150\" src=\"https:\/\/stjac.fun\/wp-content\/uploads\/2025\/07\/agent-75_5-1-480x360-1-150x150.jpg\" class=\"attachment-thumbnail size-thumbnail\" alt=\"\" \/><\/a>\n\t\t\t<\/div><\/figure><figure class='gallery-item'>\n\t\t\t<div class='gallery-icon portrait'>\n\t\t\t\t<a data-elementor-open-lightbox=\"yes\" data-elementor-lightbox-slideshow=\"6bef78e\" data-e-action-hash=\"#elementor-action%3Aaction%3Dlightbox%26settings%3DeyJpZCI6NTAzNSwidXJsIjoiaHR0cHM6XC9cL3N0amFjLmZ1blwvd3AtY29udGVudFwvdXBsb2Fkc1wvMjAyNVwvMDdcL0NocmlzLUNDQy5qcGciLCJzbGlkZXNob3ciOiI2YmVmNzhlIn0%3D\" href='https:\/\/stjac.fun\/wp-content\/uploads\/2025\/07\/Chris-CCC.jpg'><img loading=\"lazy\" decoding=\"async\" width=\"150\" height=\"150\" src=\"https:\/\/stjac.fun\/wp-content\/uploads\/2025\/07\/Chris-CCC-150x150.jpg\" class=\"attachment-thumbnail size-thumbnail\" alt=\"\" \/><\/a>\n\t\t\t<\/div><\/figure><figure class='gallery-item'>\n\t\t\t<div class='gallery-icon landscape'>\n\t\t\t\t<a data-elementor-open-lightbox=\"yes\" data-elementor-lightbox-slideshow=\"6bef78e\" data-e-action-hash=\"#elementor-action%3Aaction%3Dlightbox%26settings%3DeyJpZCI6NTA0MiwidXJsIjoiaHR0cHM6XC9cL3N0amFjLmZ1blwvd3AtY29udGVudFwvdXBsb2Fkc1wvMjAyNVwvMDdcL1B5cm9uaXgtNi00ODB4NDgwLTEuanBnIiwic2xpZGVzaG93IjoiNmJlZjc4ZSJ9\" href='https:\/\/stjac.fun\/wp-content\/uploads\/2025\/07\/Pyronix-6-480x480-1.jpg'><img loading=\"lazy\" decoding=\"async\" width=\"150\" height=\"150\" src=\"https:\/\/stjac.fun\/wp-content\/uploads\/2025\/07\/Pyronix-6-480x480-1-150x150.jpg\" class=\"attachment-thumbnail size-thumbnail\" alt=\"\" srcset=\"https:\/\/stjac.fun\/wp-content\/uploads\/2025\/07\/Pyronix-6-480x480-1-150x150.jpg 150w, https:\/\/stjac.fun\/wp-content\/uploads\/2025\/07\/Pyronix-6-480x480-1-300x300.jpg 300w, https:\/\/stjac.fun\/wp-content\/uploads\/2025\/07\/Pyronix-6-480x480-1-12x12.jpg 12w, https:\/\/stjac.fun\/wp-content\/uploads\/2025\/07\/Pyronix-6-480x480-1.jpg 480w\" sizes=\"(max-width: 150px) 100vw, 150px\" \/><\/a>\n\t\t\t<\/div><\/figure>\n\t\t<\/div>\n\t\t<\/div>\n\t\t\t\t\t\t<\/div>\n\t\t\t\t<\/div>\n\t\t\t\t<div class=\"elementor-element elementor-element-5c08eda elementor-widget elementor-widget-spacer\" data-id=\"5c08eda\" data-element_type=\"widget\" data-e-type=\"widget\" data-widget_type=\"spacer.default\">\n\t\t\t\t<div class=\"elementor-widget-container\">\n\t\t\t\t\t\t\t<div class=\"elementor-spacer\">\n\t\t\t<div class=\"elementor-spacer-inner\"><\/div>\n\t\t<\/div>\n\t\t\t\t\t\t<\/div>\n\t\t\t\t<\/div>\n\t\t\t\t\t<\/div>\n\t\t\t\t<\/div>\n\t\t\t\t<\/div>","protected":false},"excerpt":{"rendered":"<p>Bienvenue sur la page des Jacqueries !\u200b Le quartier Un quartier vivant m\u00ealant habitants, commer\u00e7ants, artisans, artistes, cr\u00e9ateurs et visiteurs. Un quartier dynamique avec une grande offre culturelle.\u00a0 Un village au c\u0153ur de Bruxelles.\u00a0Un quartier qui a plus de mille ans d\u2019histoire.\u00a0 Un quartier ouvert \u00e0 la diversit\u00e9. Un quartier anim\u00e9 o\u00f9 il fait bon [&hellip;]<\/p>","protected":false},"author":1,"featured_media":0,"parent":0,"menu_order":0,"comment_status":"closed","ping_status":"closed","template":"elementor_header_footer","meta":{"_acf_changed":false,"footnotes":""},"class_list":["post-5026","page","type-page","status-publish","hentry"],"acf":[],"_links":{"self":[{"href":"https:\/\/stjac.fun\/nl\/wp-json\/wp\/v2\/pages\/5026","targetHints":{"allow":["GET"]}}],"collection":[{"href":"https:\/\/stjac.fun\/nl\/wp-json\/wp\/v2\/pages"}],"about":[{"href":"https:\/\/stjac.fun\/nl\/wp-json\/wp\/v2\/types\/page"}],"author":[{"embeddable":true,"href":"https:\/\/stjac.fun\/nl\/wp-json\/wp\/v2\/users\/1"}],"replies":[{"embeddable":true,"href":"https:\/\/stjac.fun\/nl\/wp-json\/wp\/v2\/comments?post=5026"}],"version-history":[{"count":34,"href":"https:\/\/stjac.fun\/nl\/wp-json\/wp\/v2\/pages\/5026\/revisions"}],"predecessor-version":[{"id":5082,"href":"https:\/\/stjac.fun\/nl\/wp-json\/wp\/v2\/pages\/5026\/revisions\/5082"}],"wp:attachment":[{"href":"https:\/\/stjac.fun\/nl\/wp-json\/wp\/v2\/media?parent=5026"}],"curies":[{"name":"wp","href":"https:\/\/api.w.org\/{rel}","templated":true}]}}